{"id":2,"date":"2025-06-03T14:20:46","date_gmt":"2025-06-03T14:20:46","guid":{"rendered":"https:\/\/eclipsespa.cl\/?page_id=2"},"modified":"2025-06-17T17:47:00","modified_gmt":"2025-06-17T17:47:00","slug":"sample-page","status":"publish","type":"page","link":"https:\/\/eclipsespa.cl\/","title":{"rendered":"Diosas Del Placer"},"content":{"rendered":"\n<blockquote class=\"wp-block-quote alignfull has-text-align-center is-style-default has-base-2-background-color has-background has-medium-font-size is-layout-flow wp-container-core-quote-is-layout-8a368f38 wp-block-quote-is-layout-flow\" style=\"border-style:none;border-width:0px\">\n<p>\u00a1<mark style=\"background-color:rgba(0, 0, 0, 0)\" class=\"has-inline-color has-contrast-color\">Metro Manuel Montt<\/mark>!<\/p>\n\n\n\n<p>Bienvenido al placer sin l\u00edmites <\/p>\n\n\n\n<p>\u00bfEst\u00e1s listo para hacer realidad tus fantas\u00edas m\u00e1s intensas? Aqu\u00ed no hay reglas, solo cuerpos dispuestos, lenguas inquietas y noches cargadas de lujuria. Somos mujeres reales, ardientes, atrevidas, expertas en complacer hasta el m\u00e1s m\u00ednimo detalle.<\/p>\n\n\n\n<p>Ya sea que busques una diosa del sexo para una  hora salvaje, una acompa\u00f1ante de lujo para encender tus deseos o una amante que te haga perder el control\u2026 est\u00e1s en el lugar correcto.<\/p>\n\n\n\n<p>Tocas, eliges, disfrutas. Sin preguntas. Sin l\u00edmites. Solo placer. <\/p>\n\n\n\n<p>Desl\u00edzate. Mira. Escoge.<br>Porque el deseo no espera, y nosotras tampoco<\/p>\n\n\n\n<p><\/p>\n<\/blockquote>\n\n\n\n<p><\/p>\n\n\n\n<figure class=\"wp-block-gallery has-nested-images columns-default is-cropped wp-block-gallery-1 is-layout-flex wp-block-gallery-is-layout-flex\">\n<figure class=\"wp-block-image size-large\"><img loading=\"lazy\" decoding=\"async\" width=\"924\" height=\"1024\" data-id=\"15\" src=\"https:\/\/eclipsespa.cl\/wp-content\/uploads\/2025\/06\/WhatsApp-Image-2025-06-16-at-8.55.05-PM-2-924x1024.jpeg\" alt=\"\" class=\"wp-image-15\" srcset=\"https:\/\/eclipsespa.cl\/wp-content\/uploads\/2025\/06\/WhatsApp-Image-2025-06-16-at-8.55.05-PM-2-924x1024.jpeg 924w, https:\/\/eclipsespa.cl\/wp-content\/uploads\/2025\/06\/WhatsApp-Image-2025-06-16-at-8.55.05-PM-2-271x300.jpeg 271w, https:\/\/eclipsespa.cl\/wp-content\/uploads\/2025\/06\/WhatsApp-Image-2025-06-16-at-8.55.05-PM-2-768x851.jpeg 768w, https:\/\/eclipsespa.cl\/wp-content\/uploads\/2025\/06\/WhatsApp-Image-2025-06-16-at-8.55.05-PM-2.jpeg 1155w\" sizes=\"auto, (max-width: 924px) 100vw, 924px\" \/><figcaption class=\"wp-element-caption\">Pascal<\/figcaption><\/figure>\n\n\n\n<figure class=\"wp-block-image size-large\"><img loading=\"lazy\" decoding=\"async\" width=\"943\" height=\"1024\" data-id=\"12\" src=\"https:\/\/eclipsespa.cl\/wp-content\/uploads\/2025\/06\/WhatsApp-Image-2025-06-16-at-8.55.05-PM-1-1-943x1024.jpeg\" alt=\"\" class=\"wp-image-12\" srcset=\"https:\/\/eclipsespa.cl\/wp-content\/uploads\/2025\/06\/WhatsApp-Image-2025-06-16-at-8.55.05-PM-1-1-943x1024.jpeg 943w, https:\/\/eclipsespa.cl\/wp-content\/uploads\/2025\/06\/WhatsApp-Image-2025-06-16-at-8.55.05-PM-1-1-276x300.jpeg 276w, https:\/\/eclipsespa.cl\/wp-content\/uploads\/2025\/06\/WhatsApp-Image-2025-06-16-at-8.55.05-PM-1-1-768x834.jpeg 768w, https:\/\/eclipsespa.cl\/wp-content\/uploads\/2025\/06\/WhatsApp-Image-2025-06-16-at-8.55.05-PM-1-1.jpeg 1179w\" sizes=\"auto, (max-width: 943px) 100vw, 943px\" \/><figcaption class=\"wp-element-caption\">Pascal<\/figcaption><\/figure>\n\n\n\n<figure class=\"wp-block-image size-large\"><img loading=\"lazy\" decoding=\"async\" width=\"594\" height=\"1024\" data-id=\"13\" src=\"https:\/\/eclipsespa.cl\/wp-content\/uploads\/2025\/06\/WhatsApp-Image-2025-06-16-at-8.55.05-PM-594x1024.jpeg\" alt=\"\" class=\"wp-image-13\" srcset=\"https:\/\/eclipsespa.cl\/wp-content\/uploads\/2025\/06\/WhatsApp-Image-2025-06-16-at-8.55.05-PM-594x1024.jpeg 594w, https:\/\/eclipsespa.cl\/wp-content\/uploads\/2025\/06\/WhatsApp-Image-2025-06-16-at-8.55.05-PM-174x300.jpeg 174w, https:\/\/eclipsespa.cl\/wp-content\/uploads\/2025\/06\/WhatsApp-Image-2025-06-16-at-8.55.05-PM.jpeg 742w\" sizes=\"auto, (max-width: 594px) 100vw, 594px\" \/><figcaption class=\"wp-element-caption\">Pascal<\/figcaption><\/figure>\n<\/figure>\n\n\n\n<figure class=\"wp-block-gallery has-nested-images columns-default is-cropped wp-block-gallery-2 is-layout-flex wp-block-gallery-is-layout-flex\">\n<figure class=\"wp-block-image size-large\"><img loading=\"lazy\" decoding=\"async\" width=\"684\" height=\"1024\" data-id=\"21\" src=\"https:\/\/eclipsespa.cl\/wp-content\/uploads\/2025\/06\/WhatsApp-Image-2025-06-16-at-8.55.06-PM-4-684x1024.jpeg\" alt=\"\" class=\"wp-image-21\" srcset=\"https:\/\/eclipsespa.cl\/wp-content\/uploads\/2025\/06\/WhatsApp-Image-2025-06-16-at-8.55.06-PM-4-684x1024.jpeg 684w, https:\/\/eclipsespa.cl\/wp-content\/uploads\/2025\/06\/WhatsApp-Image-2025-06-16-at-8.55.06-PM-4-200x300.jpeg 200w, https:\/\/eclipsespa.cl\/wp-content\/uploads\/2025\/06\/WhatsApp-Image-2025-06-16-at-8.55.06-PM-4-768x1151.jpeg 768w, https:\/\/eclipsespa.cl\/wp-content\/uploads\/2025\/06\/WhatsApp-Image-2025-06-16-at-8.55.06-PM-4-1025x1536.jpeg 1025w, https:\/\/eclipsespa.cl\/wp-content\/uploads\/2025\/06\/WhatsApp-Image-2025-06-16-at-8.55.06-PM-4.jpeg 1068w\" sizes=\"auto, (max-width: 684px) 100vw, 684px\" \/><figcaption class=\"wp-element-caption\">Marcela<\/figcaption><\/figure>\n\n\n\n<figure class=\"wp-block-image size-large\"><img loading=\"lazy\" decoding=\"async\" width=\"1024\" height=\"684\" data-id=\"24\" src=\"https:\/\/eclipsespa.cl\/wp-content\/uploads\/2025\/06\/WhatsApp-Image-2025-06-16-at-8.55.06-PM-3-1024x684.jpeg\" alt=\"\" class=\"wp-image-24\" srcset=\"https:\/\/eclipsespa.cl\/wp-content\/uploads\/2025\/06\/WhatsApp-Image-2025-06-16-at-8.55.06-PM-3-1024x684.jpeg 1024w, https:\/\/eclipsespa.cl\/wp-content\/uploads\/2025\/06\/WhatsApp-Image-2025-06-16-at-8.55.06-PM-3-300x200.jpeg 300w, https:\/\/eclipsespa.cl\/wp-content\/uploads\/2025\/06\/WhatsApp-Image-2025-06-16-at-8.55.06-PM-3-768x513.jpeg 768w, https:\/\/eclipsespa.cl\/wp-content\/uploads\/2025\/06\/WhatsApp-Image-2025-06-16-at-8.55.06-PM-3-1536x1025.jpeg 1536w, https:\/\/eclipsespa.cl\/wp-content\/uploads\/2025\/06\/WhatsApp-Image-2025-06-16-at-8.55.06-PM-3.jpeg 1600w\" sizes=\"auto, (max-width: 1024px) 100vw, 1024px\" \/><figcaption class=\"wp-element-caption\">Marcela<\/figcaption><\/figure>\n\n\n\n<figure class=\"wp-block-image size-large\"><img loading=\"lazy\" decoding=\"async\" width=\"1024\" height=\"684\" data-id=\"25\" src=\"https:\/\/eclipsespa.cl\/wp-content\/uploads\/2025\/06\/WhatsApp-Image-2025-06-16-at-8.55.06-PM-2-1-1024x684.jpeg\" alt=\"\" class=\"wp-image-25\" srcset=\"https:\/\/eclipsespa.cl\/wp-content\/uploads\/2025\/06\/WhatsApp-Image-2025-06-16-at-8.55.06-PM-2-1-1024x684.jpeg 1024w, https:\/\/eclipsespa.cl\/wp-content\/uploads\/2025\/06\/WhatsApp-Image-2025-06-16-at-8.55.06-PM-2-1-300x200.jpeg 300w, https:\/\/eclipsespa.cl\/wp-content\/uploads\/2025\/06\/WhatsApp-Image-2025-06-16-at-8.55.06-PM-2-1-768x513.jpeg 768w, https:\/\/eclipsespa.cl\/wp-content\/uploads\/2025\/06\/WhatsApp-Image-2025-06-16-at-8.55.06-PM-2-1-1536x1025.jpeg 1536w, https:\/\/eclipsespa.cl\/wp-content\/uploads\/2025\/06\/WhatsApp-Image-2025-06-16-at-8.55.06-PM-2-1.jpeg 1600w\" sizes=\"auto, (max-width: 1024px) 100vw, 1024px\" \/><figcaption class=\"wp-element-caption\">Marcela<\/figcaption><\/figure>\n<\/figure>\n\n\n\n<figure class=\"wp-block-gallery has-nested-images columns-default is-cropped wp-block-gallery-3 is-layout-flex wp-block-gallery-is-layout-flex\">\n<figure class=\"wp-block-image aligncenter\"><img loading=\"lazy\" decoding=\"async\" width=\"854\" height=\"1280\" data-id=\"30\" src=\"https:\/\/eclipsespa.cl\/wp-content\/uploads\/2025\/06\/WhatsApp-Image-2025-06-16-at-8.55.07-PM-1.jpeg\" alt=\"\" class=\"wp-image-30\" srcset=\"https:\/\/eclipsespa.cl\/wp-content\/uploads\/2025\/06\/WhatsApp-Image-2025-06-16-at-8.55.07-PM-1.jpeg 854w, https:\/\/eclipsespa.cl\/wp-content\/uploads\/2025\/06\/WhatsApp-Image-2025-06-16-at-8.55.07-PM-1-200x300.jpeg 200w, https:\/\/eclipsespa.cl\/wp-content\/uploads\/2025\/06\/WhatsApp-Image-2025-06-16-at-8.55.07-PM-1-683x1024.jpeg 683w, https:\/\/eclipsespa.cl\/wp-content\/uploads\/2025\/06\/WhatsApp-Image-2025-06-16-at-8.55.07-PM-1-768x1151.jpeg 768w\" sizes=\"auto, (max-width: 854px) 100vw, 854px\" \/><figcaption class=\"wp-element-caption\">Fernanda<\/figcaption><\/figure>\n\n\n\n<figure class=\"wp-block-image\"><img loading=\"lazy\" decoding=\"async\" width=\"1068\" height=\"1600\" data-id=\"31\" src=\"https:\/\/eclipsespa.cl\/wp-content\/uploads\/2025\/06\/WhatsApp-Image-2025-06-16-at-8.55.08-PM-1.jpeg\" alt=\"\" class=\"wp-image-31\" srcset=\"https:\/\/eclipsespa.cl\/wp-content\/uploads\/2025\/06\/WhatsApp-Image-2025-06-16-at-8.55.08-PM-1.jpeg 1068w, https:\/\/eclipsespa.cl\/wp-content\/uploads\/2025\/06\/WhatsApp-Image-2025-06-16-at-8.55.08-PM-1-200x300.jpeg 200w, https:\/\/eclipsespa.cl\/wp-content\/uploads\/2025\/06\/WhatsApp-Image-2025-06-16-at-8.55.08-PM-1-684x1024.jpeg 684w, https:\/\/eclipsespa.cl\/wp-content\/uploads\/2025\/06\/WhatsApp-Image-2025-06-16-at-8.55.08-PM-1-768x1151.jpeg 768w, https:\/\/eclipsespa.cl\/wp-content\/uploads\/2025\/06\/WhatsApp-Image-2025-06-16-at-8.55.08-PM-1-1025x1536.jpeg 1025w\" sizes=\"auto, (max-width: 1068px) 100vw, 1068px\" \/><figcaption class=\"wp-element-caption\">Fernanda<\/figcaption><\/figure>\n\n\n\n<figure class=\"wp-block-image aligncenter\"><img loading=\"lazy\" decoding=\"async\" width=\"1600\" height=\"1068\" data-id=\"29\" src=\"https:\/\/eclipsespa.cl\/wp-content\/uploads\/2025\/06\/WhatsApp-Image-2025-06-16-at-8.55.07-PM-2.jpeg\" alt=\"\" class=\"wp-image-29\" srcset=\"https:\/\/eclipsespa.cl\/wp-content\/uploads\/2025\/06\/WhatsApp-Image-2025-06-16-at-8.55.07-PM-2.jpeg 1600w, https:\/\/eclipsespa.cl\/wp-content\/uploads\/2025\/06\/WhatsApp-Image-2025-06-16-at-8.55.07-PM-2-300x200.jpeg 300w, https:\/\/eclipsespa.cl\/wp-content\/uploads\/2025\/06\/WhatsApp-Image-2025-06-16-at-8.55.07-PM-2-1024x684.jpeg 1024w, https:\/\/eclipsespa.cl\/wp-content\/uploads\/2025\/06\/WhatsApp-Image-2025-06-16-at-8.55.07-PM-2-768x513.jpeg 768w, https:\/\/eclipsespa.cl\/wp-content\/uploads\/2025\/06\/WhatsApp-Image-2025-06-16-at-8.55.07-PM-2-1536x1025.jpeg 1536w\" sizes=\"auto, (max-width: 1600px) 100vw, 1600px\" \/><figcaption class=\"wp-element-caption\">Fernanda<\/figcaption><\/figure>\n<\/figure>\n\n\n\n<figure class=\"wp-block-gallery has-nested-images columns-default is-cropped wp-block-gallery-4 is-layout-flex wp-block-gallery-is-layout-flex\">\n<figure class=\"wp-block-image size-large\"><img loading=\"lazy\" decoding=\"async\" width=\"682\" height=\"1024\" data-id=\"32\" src=\"https:\/\/eclipsespa.cl\/wp-content\/uploads\/2025\/06\/WhatsApp-Image-2025-06-16-at-9.20.43-PM-2-682x1024.jpeg\" alt=\"\" class=\"wp-image-32\" srcset=\"https:\/\/eclipsespa.cl\/wp-content\/uploads\/2025\/06\/WhatsApp-Image-2025-06-16-at-9.20.43-PM-2-682x1024.jpeg 682w, https:\/\/eclipsespa.cl\/wp-content\/uploads\/2025\/06\/WhatsApp-Image-2025-06-16-at-9.20.43-PM-2-200x300.jpeg 200w, https:\/\/eclipsespa.cl\/wp-content\/uploads\/2025\/06\/WhatsApp-Image-2025-06-16-at-9.20.43-PM-2-768x1154.jpeg 768w, https:\/\/eclipsespa.cl\/wp-content\/uploads\/2025\/06\/WhatsApp-Image-2025-06-16-at-9.20.43-PM-2.jpeg 852w\" sizes=\"auto, (max-width: 682px) 100vw, 682px\" \/><figcaption class=\"wp-element-caption\">Nicol<\/figcaption><\/figure>\n\n\n\n<figure class=\"wp-block-image size-large\"><img loading=\"lazy\" decoding=\"async\" width=\"682\" height=\"1024\" data-id=\"33\" src=\"https:\/\/eclipsespa.cl\/wp-content\/uploads\/2025\/06\/WhatsApp-Image-2025-06-16-at-9.20.43-PM-1-682x1024.jpeg\" alt=\"\" class=\"wp-image-33\" srcset=\"https:\/\/eclipsespa.cl\/wp-content\/uploads\/2025\/06\/WhatsApp-Image-2025-06-16-at-9.20.43-PM-1-682x1024.jpeg 682w, https:\/\/eclipsespa.cl\/wp-content\/uploads\/2025\/06\/WhatsApp-Image-2025-06-16-at-9.20.43-PM-1-200x300.jpeg 200w, https:\/\/eclipsespa.cl\/wp-content\/uploads\/2025\/06\/WhatsApp-Image-2025-06-16-at-9.20.43-PM-1-768x1154.jpeg 768w, https:\/\/eclipsespa.cl\/wp-content\/uploads\/2025\/06\/WhatsApp-Image-2025-06-16-at-9.20.43-PM-1.jpeg 852w\" sizes=\"auto, (max-width: 682px) 100vw, 682px\" \/><figcaption class=\"wp-element-caption\">Nicol<\/figcaption><\/figure>\n\n\n\n<figure class=\"wp-block-image size-large\"><img loading=\"lazy\" decoding=\"async\" width=\"1024\" height=\"682\" data-id=\"34\" src=\"https:\/\/eclipsespa.cl\/wp-content\/uploads\/2025\/06\/WhatsApp-Image-2025-06-16-at-9.20.43-PM-1024x682.jpeg\" alt=\"\" class=\"wp-image-34\" srcset=\"https:\/\/eclipsespa.cl\/wp-content\/uploads\/2025\/06\/WhatsApp-Image-2025-06-16-at-9.20.43-PM-1024x682.jpeg 1024w, https:\/\/eclipsespa.cl\/wp-content\/uploads\/2025\/06\/WhatsApp-Image-2025-06-16-at-9.20.43-PM-300x200.jpeg 300w, https:\/\/eclipsespa.cl\/wp-content\/uploads\/2025\/06\/WhatsApp-Image-2025-06-16-at-9.20.43-PM-768x512.jpeg 768w, https:\/\/eclipsespa.cl\/wp-content\/uploads\/2025\/06\/WhatsApp-Image-2025-06-16-at-9.20.43-PM.jpeg 1280w\" sizes=\"auto, (max-width: 1024px) 100vw, 1024px\" \/><figcaption class=\"wp-element-caption\">Nicol<\/figcaption><\/figure>\n<\/figure>\n\n\n\n<p><\/p>\n\n\n\n<p><\/p>\n\n\n\n<p><\/p>\n\n\n\n<p><\/p>\n\n\n\n<p><\/p>\n\n\n\n<p><\/p>\n\n\n\n<p><\/p>\n\n\n\n<p><\/p>\n\n\n\n<p><\/p>\n\n\n\n<p><\/p>\n\n\n\n<p><\/p>\n\n\n\n<p><\/p>\n\n\n\n<p><\/p>\n\n\n\n<p><\/p>\n\n\n\n<p><\/p>\n","protected":false},"excerpt":{"rendered":"<p>\u00a1Metro Manuel Montt! Bienvenido al placer sin l\u00edmites \u00bfEst\u00e1s listo para hacer realidad tus fantas\u00edas m\u00e1s intensas? Aqu\u00ed no hay reglas, solo cuerpos dispuestos, lenguas inquietas y noches cargadas de lujuria. Somos mujeres reales, ardientes, atrevidas, expertas en complacer hasta el m\u00e1s m\u00ednimo detalle. Ya sea que busques una diosa del sexo para una hora [&hellip;]<\/p>\n","protected":false},"author":1,"featured_media":0,"parent":0,"menu_order":0,"comment_status":"closed","ping_status":"open","template":"","meta":{"footnotes":""},"class_list":["post-2","page","type-page","status-publish","hentry"],"_links":{"self":[{"href":"https:\/\/eclipsespa.cl\/index.php?rest_route=\/wp\/v2\/pages\/2","targetHints":{"allow":["GET"]}}],"collection":[{"href":"https:\/\/eclipsespa.cl\/index.php?rest_route=\/wp\/v2\/pages"}],"about":[{"href":"https:\/\/eclipsespa.cl\/index.php?rest_route=\/wp\/v2\/types\/page"}],"author":[{"embeddable":true,"href":"https:\/\/eclipsespa.cl\/index.php?rest_route=\/wp\/v2\/users\/1"}],"replies":[{"embeddable":true,"href":"https:\/\/eclipsespa.cl\/index.php?rest_route=%2Fwp%2Fv2%2Fcomments&post=2"}],"version-history":[{"count":13,"href":"https:\/\/eclipsespa.cl\/index.php?rest_route=\/wp\/v2\/pages\/2\/revisions"}],"predecessor-version":[{"id":48,"href":"https:\/\/eclipsespa.cl\/index.php?rest_route=\/wp\/v2\/pages\/2\/revisions\/48"}],"wp:attachment":[{"href":"https:\/\/eclipsespa.cl\/index.php?rest_route=%2Fwp%2Fv2%2Fmedia&parent=2"}],"curies":[{"name":"wp","href":"https:\/\/api.w.org\/{rel}","templated":true}]}}